{"id":115,"date":"2024-04-22T15:14:07","date_gmt":"2024-04-22T15:14:07","guid":{"rendered":"https:\/\/carlaberatio.com\/aberatismnytt\/?page_id=115"},"modified":"2024-04-24T16:13:30","modified_gmt":"2024-04-24T16:13:30","slug":"boken","status":"publish","type":"page","link":"https:\/\/carlaberatio.com\/aberatismnytt\/boken\/","title":{"rendered":"Boken"},"content":{"rendered":"\n<p>Ett urval av min poesi och mina noveller finns att k\u00f6pa i tryckt form f\u00f6r den som \u00f6nskar. Antingen som pocket eller som e-pocket. Finns p\u00e5 flertalet bibliotek och e-handlare. Bland annat: <\/p>\n\n\n\n<p><a href=\"https:\/\/www.adlibris.com\/se\/bok\/mikrokosmos-dikter-och-noveller-9789180070454\">Adlibris<\/a><\/p>\n\n\n\n<p><a href=\"https:\/\/www.bokus.com\/cgi-bin\/product_search.cgi?authors=Carl%20Aberatio\">Bokus<\/a><\/p>\n\n\n\n<p><a href=\"https:\/\/bokshop.bod.se\/mikrokosmos-carl-aberatio-9789180070454\">Bod.se<\/a><\/p>\n\n\n\n<p><a href=\"https:\/\/www.ginza.se\/product\/aberatio-carl\/mikrokosmos-dikter-och-noveller\/792237\">Ginza<\/a><\/p>\n","protected":false},"excerpt":{"rendered":"<p>Ett urval av min poesi och mina noveller finns att k\u00f6pa i tryckt form f\u00f6r den som \u00f6nskar. Antingen som pocket eller som e-pocket. Finns p\u00e5 flertalet bibliotek och e-handlare. Bland annat: Adlibris Bokus Bod.se Ginza<\/p>\n","protected":false},"author":1,"featured_media":0,"parent":0,"menu_order":0,"comment_status":"open","ping_status":"closed","template":"","meta":{"footnotes":""},"class_list":["post-115","page","type-page","status-publish","hentry"],"_links":{"self":[{"href":"https:\/\/carlaberatio.com\/aberatismnytt\/wp-json\/wp\/v2\/pages\/115","targetHints":{"allow":["GET"]}}],"collection":[{"href":"https:\/\/carlaberatio.com\/aberatismnytt\/wp-json\/wp\/v2\/pages"}],"about":[{"href":"https:\/\/carlaberatio.com\/aberatismnytt\/wp-json\/wp\/v2\/types\/page"}],"author":[{"embeddable":true,"href":"https:\/\/carlaberatio.com\/aberatismnytt\/wp-json\/wp\/v2\/users\/1"}],"replies":[{"embeddable":true,"href":"https:\/\/carlaberatio.com\/aberatismnytt\/wp-json\/wp\/v2\/comments?post=115"}],"version-history":[{"count":1,"href":"https:\/\/carlaberatio.com\/aberatismnytt\/wp-json\/wp\/v2\/pages\/115\/revisions"}],"predecessor-version":[{"id":116,"href":"https:\/\/carlaberatio.com\/aberatismnytt\/wp-json\/wp\/v2\/pages\/115\/revisions\/116"}],"wp:attachment":[{"href":"https:\/\/carlaberatio.com\/aberatismnytt\/wp-json\/wp\/v2\/media?parent=115"}],"curies":[{"name":"wp","href":"https:\/\/api.w.org\/{rel}","templated":true}]}}